{"id":29,"date":"2021-07-28T01:03:15","date_gmt":"2021-07-28T01:03:15","guid":{"rendered":"https:\/\/nor-art.com.mx\/?page_id=29"},"modified":"2022-03-01T23:59:07","modified_gmt":"2022-03-01T23:59:07","slug":"ayuntamientos","status":"publish","type":"page","link":"https:\/\/nor-art.com.mx\/index.php\/ayuntamientos\/","title":{"rendered":"Servicios Ayuntamientos"},"content":{"rendered":"\n<p>\u2022 Hoja y sobre membretados, tarjetas de presentaci\u00f3n.<br>\u2022 Invitaciones para eventos gubernamentales, reconocimientos, diplomas, etc.<br>\u2022 Recibos para control de pagos o servicios<br>\u2022 Vales o formatos para salida o control de gastos<br>\u2022 Sellos de goma fechadores o con mango de madera<br>\u2022 Publicidad eventos (Lonas, lyers, posters, etc.)<br>\u2022 Uniformes ejecutivos.<br>\u2022 Se\u00f1al\u00e9tica, gafetes o credenciales, etc.<br>\u2022 Promocionales (souvenirs, playeras, chamarras, llaveros, cilindros, etc.) portagafetes.<br>\u2022 Etiquetas o rotulaci\u00f3n en vinil de corte o impreso (transporte utilitario o de seguridad)<br>\u2022 Papeler\u00eda de oficina. (l\u00e1pices, gomas, post it, cuadernos, engrapadoras, bol\u00edgrafos, etc.)<\/p>\n","protected":false},"excerpt":{"rendered":"<p>\u2022 Hoja y sobre membretados, tarjetas de presentaci\u00f3n.\u2022 Invitaciones para eventos gubernamentales, reconocimientos, diplomas, etc.\u2022 Recibos para control de pagos o servicios\u2022 Vales o formatos para salida o control de gastos\u2022 Sellos de goma fechadores o con mango de madera\u2022 Publicidad eventos (Lonas, lyers, posters, etc.)\u2022 Uniformes ejecutivos.\u2022 Se\u00f1al\u00e9tica, gafetes o credenciales, etc.\u2022 Promocionales (souvenirs, [&hellip;]<\/p>\n","protected":false},"author":1,"featured_media":70,"parent":0,"menu_order":0,"comment_status":"closed","ping_status":"closed","template":"","meta":{"footnotes":""},"_links":{"self":[{"href":"https:\/\/nor-art.com.mx\/index.php\/wp-json\/wp\/v2\/pages\/29"}],"collection":[{"href":"https:\/\/nor-art.com.mx\/index.php\/wp-json\/wp\/v2\/pages"}],"about":[{"href":"https:\/\/nor-art.com.mx\/index.php\/wp-json\/wp\/v2\/types\/page"}],"author":[{"embeddable":true,"href":"https:\/\/nor-art.com.mx\/index.php\/wp-json\/wp\/v2\/users\/1"}],"replies":[{"embeddable":true,"href":"https:\/\/nor-art.com.mx\/index.php\/wp-json\/wp\/v2\/comments?post=29"}],"version-history":[{"count":4,"href":"https:\/\/nor-art.com.mx\/index.php\/wp-json\/wp\/v2\/pages\/29\/revisions"}],"predecessor-version":[{"id":158,"href":"https:\/\/nor-art.com.mx\/index.php\/wp-json\/wp\/v2\/pages\/29\/revisions\/158"}],"wp:featuredmedia":[{"embeddable":true,"href":"https:\/\/nor-art.com.mx\/index.php\/wp-json\/wp\/v2\/media\/70"}],"wp:attachment":[{"href":"https:\/\/nor-art.com.mx\/index.php\/wp-json\/wp\/v2\/media?parent=29"}],"curies":[{"name":"wp","href":"https:\/\/api.w.org\/{rel}","templated":true}]}}