{"id":25,"date":"2021-07-28T00:53:53","date_gmt":"2021-07-28T00:53:53","guid":{"rendered":"https:\/\/nor-art.com.mx\/?page_id=25"},"modified":"2022-03-02T00:04:25","modified_gmt":"2022-03-02T00:04:25","slug":"empresas","status":"publish","type":"page","link":"https:\/\/nor-art.com.mx\/index.php\/empresas\/","title":{"rendered":"Servicios a empresas"},"content":{"rendered":"\n<p style=\"font-size:25px\">Manejamos todo lo referente al control de tu empresa:<br>\u2022 Formatos para control de producci\u00f3n o almacenes, salidas o entradas de productos, hojas membretadas y todo trabajo impreso en offset.<br>\u2022 Sellos de goma fechadores o con mango de madera.<br>\u2022 Publicidad para tus productos (Lonas, layers, posters, etc.).<br>\u2022 Papeler\u00eda de oficina.<br>\u2022 Publicidad con el\u00e1stico (elastanos o elast\u00f3meros) para cualquier envase o presentaci\u00f3n.<br>\u2022 Envases pl\u00e1sticos (polietileno o pet).<br>\u2022 Calzado de seguridad en diversas marcas.<br>\u2022 Se\u00f1al\u00e9tica.<br>\u2022 Promocionales (souvenirs) con tu marca; playeras, chamarras, llaveros, cilindros, etc.<br>con bordado o serigraf\u00eda.<br>\u2022 Etiquetas o rotulaci\u00f3n en vinil de corte o impreso.<br>\u2022 Uniformes ejecutivos, uniformes para personal de producci\u00f3n, etc.<\/p>\n\n\n\n<ul><li>Etiquetadoras <\/li><\/ul>\n\n\n\n<ul><li>Guantes <\/li><\/ul>\n\n\n\n<p><\/p>\n\n\n\n<p><\/p>\n","protected":false},"excerpt":{"rendered":"<p>Manejamos todo lo referente al control de tu empresa:\u2022 Formatos para control de producci\u00f3n o almacenes, salidas o entradas de productos, hojas membretadas y todo trabajo impreso en offset.\u2022 Sellos de goma fechadores o con mango de madera.\u2022 Publicidad para tus productos (Lonas, layers, posters, etc.).\u2022 Papeler\u00eda de oficina.\u2022 Publicidad con el\u00e1stico (elastanos o elast\u00f3meros) [&hellip;]<\/p>\n","protected":false},"author":1,"featured_media":0,"parent":0,"menu_order":0,"comment_status":"closed","ping_status":"closed","template":"","meta":{"footnotes":""},"_links":{"self":[{"href":"https:\/\/nor-art.com.mx\/index.php\/wp-json\/wp\/v2\/pages\/25"}],"collection":[{"href":"https:\/\/nor-art.com.mx\/index.php\/wp-json\/wp\/v2\/pages"}],"about":[{"href":"https:\/\/nor-art.com.mx\/index.php\/wp-json\/wp\/v2\/types\/page"}],"author":[{"embeddable":true,"href":"https:\/\/nor-art.com.mx\/index.php\/wp-json\/wp\/v2\/users\/1"}],"replies":[{"embeddable":true,"href":"https:\/\/nor-art.com.mx\/index.php\/wp-json\/wp\/v2\/comments?post=25"}],"version-history":[{"count":6,"href":"https:\/\/nor-art.com.mx\/index.php\/wp-json\/wp\/v2\/pages\/25\/revisions"}],"predecessor-version":[{"id":162,"href":"https:\/\/nor-art.com.mx\/index.php\/wp-json\/wp\/v2\/pages\/25\/revisions\/162"}],"wp:attachment":[{"href":"https:\/\/nor-art.com.mx\/index.php\/wp-json\/wp\/v2\/media?parent=25"}],"curies":[{"name":"wp","href":"https:\/\/api.w.org\/{rel}","templated":true}]}}